{"id":4022,"date":"2018-12-10T12:26:19","date_gmt":"2018-12-10T12:26:19","guid":{"rendered":"https:\/\/limit-tools.com\/limit\/"},"modified":"2020-10-27T07:40:17","modified_gmt":"2020-10-27T07:40:17","slug":"limit","status":"publish","type":"page","link":"https:\/\/millerbeslag.test.consids5.se\/no\/","title":{"rendered":"Startside"},"content":{"rendered":"<div class=\"wpb-content-wrapper\"><p>[vc_row full_width=&#8221;stretch_row_content_no_spaces&#8221;][vc_column]\n        <div class=\"block block--hero-video\">\n            <div class=\"video-hero\">\n                <div class=\"video-hero__video\"><video src=\"\" poster=\"\" muted autoplay loop><\/video><img decoding=\"async\" src=\"\" alt=\"\" class=\"video-hero__placeholder\"><\/div>\n                <div class=\"hero__content\"><div class=\"video-hero__content\"><h1>Everything can be <em>measured<\/em><\/h1><\/div><\/div>\n            <\/div>\n        <\/div>\n        <div class=\"block block--spacer space--medium\"><\/div>\n        <div class=\"product-category-grid product-category-grid--start-fit\">\n            \n\t\t\t\t<a class=\"product-category\" href=\"https:\/\/millerbeslag.test.consids5.se\/no\/product-category\/dor-no\/\">\n                    <div class=\"product-category__image\"> \n\t\t\t\t\t\t<div class=\"product-category__overlay--dor-no\"><\/div>\n                        <img decoding=\"async\" src=\"\">\n\t\t\t\t\t\t<div class=\"product-category__background\">\n\t\t\t\t\t\t\t<h3 class=\"product-category__name product-category__name--dor-no\">D\u00f8r<\/h3>\n\t\t\t\t\t\t<\/div>\n\t\t\t\t\t<\/div>\n\t\t\t\t<\/a>\n\t\t\t\t<a class=\"product-category\" href=\"https:\/\/millerbeslag.test.consids5.se\/no\/product-category\/dorhandtak-no\/\">\n                    <div class=\"product-category__image\"> \n\t\t\t\t\t\t<div class=\"product-category__overlay--dorhandtak-no\"><\/div>\n                        <img decoding=\"async\" src=\"\">\n\t\t\t\t\t\t<div class=\"product-category__background\">\n\t\t\t\t\t\t\t<h3 class=\"product-category__name product-category__name--dorhandtak-no\">D\u00f8rh\u00e5ndtak<\/h3>\n\t\t\t\t\t\t<\/div>\n\t\t\t\t\t<\/div>\n\t\t\t\t<\/a>\n\t\t\t\t<a class=\"product-category\" href=\"https:\/\/millerbeslag.test.consids5.se\/no\/product-category\/fritid-no\/\">\n                    <div class=\"product-category__image\"> \n\t\t\t\t\t\t<div class=\"product-category__overlay--fritid-no\"><\/div>\n                        <img decoding=\"async\" src=\"\">\n\t\t\t\t\t\t<div class=\"product-category__background\">\n\t\t\t\t\t\t\t<h3 class=\"product-category__name product-category__name--fritid-no\">Fritid<\/h3>\n\t\t\t\t\t\t<\/div>\n\t\t\t\t\t<\/div>\n\t\t\t\t<\/a>\n\t\t\t\t<a class=\"product-category\" href=\"https:\/\/millerbeslag.test.consids5.se\/no\/product-category\/interior-no\/\">\n                    <div class=\"product-category__image\"> \n\t\t\t\t\t\t<div class=\"product-category__overlay--interior-no\"><\/div>\n                        <img decoding=\"async\" src=\"\">\n\t\t\t\t\t\t<div class=\"product-category__background\">\n\t\t\t\t\t\t\t<h3 class=\"product-category__name product-category__name--interior-no\">Interi\u00f8r<\/h3>\n\t\t\t\t\t\t<\/div>\n\t\t\t\t\t<\/div>\n\t\t\t\t<\/a>\n\t\t\t\t<a class=\"product-category\" href=\"https:\/\/millerbeslag.test.consids5.se\/no\/product-category\/las-no\/\">\n                    <div class=\"product-category__image\"> \n\t\t\t\t\t\t<div class=\"product-category__overlay--las-no\"><\/div>\n                        <img decoding=\"async\" src=\"\">\n\t\t\t\t\t\t<div class=\"product-category__background\">\n\t\t\t\t\t\t\t<h3 class=\"product-category__name product-category__name--las-no\">L\u00e5s<\/h3>\n\t\t\t\t\t\t<\/div>\n\t\t\t\t\t<\/div>\n\t\t\t\t<\/a>\n\t\t\t\t<a class=\"product-category\" href=\"https:\/\/millerbeslag.test.consids5.se\/no\/product-category\/vindu-no\/\">\n                    <div class=\"product-category__image\"> \n\t\t\t\t\t\t<div class=\"product-category__overlay--vindu-no\"><\/div>\n                        <img decoding=\"async\" src=\"\">\n\t\t\t\t\t\t<div class=\"product-category__background\">\n\t\t\t\t\t\t\t<h3 class=\"product-category__name product-category__name--vindu-no\">Vindu<\/h3>\n\t\t\t\t\t\t<\/div>\n\t\t\t\t\t<\/div>\n\t\t\t\t<\/a>\n        <\/div>\n            <div class=\"block block--promo align-left size-default text-default with-image\">\n                <div class=\"promo promo--dark\">\n                    <div class=\"promo__image\">\n                        <img decoding=\"async\" src=\"https:\/\/millerbeslag.test.consids5.se\/wp-content\/uploads\/2020\/02\/omslag-Limitkatalog-2020-700x466.png\" alt=\"V\u00e5r nye katalog er her!\"\/>\n                    <\/div>\n                    <div class=\"promo-content promo-content--dark\">\n                        <h3 class=\"promo__subtitle\"><\/h3>\n                        <h2 class=\"promo__title\">V\u00e5r nye katalog er her!<\/h2>\n                        <div class=\"promo__text\">Klikk p\u00e5 knappen under for \u00e5 komme til v\u00e5r nye digitale katalog.<\/div><a href=\"http:\/\/l1119a.stats.theletter.se\/?q=86138476206031800042&TId=1\" target=\"_blank\" class=\"promo__action btn\">TIL KATALOGEN<\/a><\/div>\n                <\/div>\n            <\/div>\n            <div class=\"block block--promo align-left size-default text-default with-image\">\n                <div class=\"promo promo--white\">\n                    <div class=\"promo__image\">\n                        <img decoding=\"async\" src=\"https:\/\/millerbeslag.test.consids5.se\/wp-content\/uploads\/2020\/10\/1115985-700x320.jpg\" alt=\"St\u00f8v- og vanntett.\"\/>\n                    <\/div>\n                    <div class=\"promo-content promo-content--white\">\n                        <h3 class=\"promo__subtitle\">MIKROMETER DIGITAL 25-50MM IP65<\/h3>\n                        <h2 class=\"promo__title\">St\u00f8v- og vanntett.<\/h2>\n                        <div class=\"promo__text\">Digitalt mikrometer av smidd b\u00f8yle og IP65 klasse for rask avlesing av m\u00e5leresultat. Produsert etter DIN 863.<\/div><a href=\"https:\/\/limit-tools.com\/no\/product\/mikrometer-digital25-50mm-ip65\/\" target=\"\" class=\"promo__action btn\">Les mer<\/a><\/div>\n                <\/div>\n            <\/div>\n            <div class=\"block block--promo align-left size-default text-default with-image\">\n                <div class=\"promo promo--yellow\">\n                    <div class=\"promo__image\">\n                        <img decoding=\"async\" src=\"https:\/\/millerbeslag.test.consids5.se\/wp-content\/uploads\/2020\/03\/Limit20919_LEMON_graphic_highres.jpg\" alt=\"Dette er Limit\"\/>\n                    <\/div>\n                    <div class=\"promo-content promo-content--yellow\">\n                        <h3 class=\"promo__subtitle\"><\/h3>\n                        <h2 class=\"promo__title\">Dette er Limit<\/h2>\n                        <div class=\"promo__text\">Slike ord som om omtrentlig eller vanskelig finnes ikke i vokabularet v\u00e5rt. Vi satser p\u00e5 det presise og enkle, helt ned til siste desimal. Kall oss gjerne nerder \u2013 vi mener bare at det b\u00f8re v\u00e6re lett \u00e5 f\u00e5 ting riktig. Eller n\u00f8yaktig, for \u00e5 v\u00e6re helt eksakt.<\/div><a href=\"https:\/\/limit-tools.com\/no\/about-limit\/\" target=\"\" class=\"promo__action btn\">Les mer<\/a><\/div>\n                <\/div>\n            <\/div>[vc_row_inner disable_element=&#8221;yes&#8221;][vc_column_inner]\n            <div class=\"block block--promo align-right size-default text-default with-image\">\n                <div class=\"promo promo--white\">\n                    <div class=\"promo__image\">\n                        <img decoding=\"async\" src=\"https:\/\/millerbeslag.test.consids5.se\/wp-content\/uploads\/2020\/03\/1079051-2.jpg\" alt=\"Infrar\u00f8d m\u00e5ling med doble punkter\"\/>\n                    <\/div>\n                    <div class=\"promo-content promo-content--white\">\n                        <h3 class=\"promo__subtitle\">IR-TERMOMETER LIMIT 97, IP65<\/h3>\n                        <h2 class=\"promo__title\">Infrar\u00f8d m\u00e5ling med doble punkter<\/h2>\n                        <div class=\"promo__text\">V\u00e5rt nye IR-termometer LIMIT 97 bruker infrar\u00f8d m\u00e5ling med doble punkter for mer eksakt temperaturm\u00e5ling. Med en IP65 klassifisering t\u00e5ler den t\u00f8ffe milj\u00f8er. Fra -35 til +650 0C.<\/div><a href=\"https:\/\/limit-tools.com\/no\/product\/ir-termometer-limit-97\/\" target=\"\" class=\"promo__action btn\">Les mer<\/a><\/div>\n                <\/div>\n            <\/div>\n            <div class=\"block block--promo align-left size-default text-default with-image\">\n                <div class=\"promo promo--none\">\n                    <div class=\"promo__image\">\n                        <img decoding=\"async\" src=\"\" alt=\"Bedre synlighet med gr\u00f8nn laser\"\/>\n                    <\/div>\n                    <div class=\"promo-content promo-content--none\">\n                        <h3 class=\"promo__subtitle\">LIMIT 1080-G GR\u00d8NN LASER<\/h3>\n                        <h2 class=\"promo__title\">Bedre synlighet med gr\u00f8nn laser<\/h2>\n                        <div class=\"promo__text\">Med en gr\u00f8nn laser f\u00e5r du linjer som er opp til fire ganger mer synlige for det menneskelige \u00f8ye og som gir deg st\u00f8rre n\u00f8yaktighet. Samtidig er den enklere \u00e5 arbeide med.<\/div><a href=\"https:\/\/limit-tools.com\/product\/multikrysslaser-limit-1080-g\/?lang=no\" target=\"\" class=\"promo__action btn\">Les mer<\/a><\/div>\n                <\/div>\n            <\/div>[\/vc_column_inner][\/vc_row_inner][\/vc_column][\/vc_row]<\/p>\n<\/div>","protected":false},"excerpt":{"rendered":"[vc_row full_width=&#8221;stretch_row_content_no_spaces&#8221;][vc_column][vc_row_inner disable_element=&#8221;yes&#8221;][vc_column_inner][\/vc_column_inner][\/vc_row_inner][\/vc_column][\/vc_row]","protected":false},"author":1,"featured_media":0,"parent":0,"menu_order":0,"comment_status":"closed","ping_status":"closed","template":"","meta":{"_acf_changed":false,"footnotes":""},"class_list":["post-4022","page","type-page","status-publish","hentry"],"acf":[],"yoast_head":"<!-- This site is optimized with the Yoast SEO plugin v23.4 - https:\/\/yoast.com\/wordpress\/plugins\/seo\/ -->\n<title>Startside - Beslag sedan 1903<\/title>\n<meta name=\"robots\" content=\"index, follow, max-snippet:-1, max-image-preview:large, max-video-preview:-1\" \/>\n<link rel=\"canonical\" href=\"https:\/\/millerbeslag.test.consids5.se\/no\/\" \/>\n<meta property=\"og:locale\" content=\"nb_NO\" \/>\n<meta property=\"og:type\" content=\"article\" \/>\n<meta property=\"og:title\" content=\"Startside - Beslag sedan 1903\" \/>\n<meta property=\"og:description\" content=\"[vc_row full_width=&#8221;stretch_row_content_no_spaces&#8221;][vc_column][vc_row_inner disable_element=&#8221;yes&#8221;][vc_column_inner][\/vc_column_inner][\/vc_row_inner][\/vc_column][\/vc_row]\" \/>\n<meta property=\"og:url\" content=\"https:\/\/millerbeslag.test.consids5.se\/no\/\" \/>\n<meta property=\"og:site_name\" content=\"Beslag sedan 1903\" \/>\n<meta property=\"article:publisher\" content=\"https:\/\/www.facebook.com\/limittools\/\" \/>\n<meta property=\"article:modified_time\" content=\"2020-10-27T07:40:17+00:00\" \/>\n<meta name=\"twitter:card\" content=\"summary_large_image\" \/>\n<meta name=\"twitter:label1\" content=\"Est. reading time\" \/>\n\t<meta name=\"twitter:data1\" content=\"2 minutes\" \/>\n<script type=\"application\/ld+json\" class=\"yoast-schema-graph\">{\"@context\":\"https:\/\/schema.org\",\"@graph\":[{\"@type\":\"WebPage\",\"@id\":\"https:\/\/millerbeslag.test.consids5.se\/no\/\",\"url\":\"https:\/\/millerbeslag.test.consids5.se\/no\/\",\"name\":\"Startside - Beslag sedan 1903\",\"isPartOf\":{\"@id\":\"https:\/\/millerbeslag.test.consids5.se\/#website\"},\"datePublished\":\"2018-12-10T12:26:19+00:00\",\"dateModified\":\"2020-10-27T07:40:17+00:00\",\"inLanguage\":\"nb-NO\",\"potentialAction\":[{\"@type\":\"ReadAction\",\"target\":[\"https:\/\/millerbeslag.test.consids5.se\/no\/\"]}]},{\"@type\":\"WebSite\",\"@id\":\"https:\/\/millerbeslag.test.consids5.se\/#website\",\"url\":\"https:\/\/millerbeslag.test.consids5.se\/\",\"name\":\"Beslag sedan 1903\",\"description\":\"Beslag inom allt\",\"potentialAction\":[{\"@type\":\"SearchAction\",\"target\":{\"@type\":\"EntryPoint\",\"urlTemplate\":\"https:\/\/millerbeslag.test.consids5.se\/?s={search_term_string}\"},\"query-input\":{\"@type\":\"PropertyValueSpecification\",\"valueRequired\":true,\"valueName\":\"search_term_string\"}}],\"inLanguage\":\"nb-NO\"}]}<\/script>\n<!-- \/ Yoast SEO plugin. -->","yoast_head_json":{"title":"Startside - Beslag sedan 1903","robots":{"index":"index","follow":"follow","max-snippet":"max-snippet:-1","max-image-preview":"max-image-preview:large","max-video-preview":"max-video-preview:-1"},"canonical":"https:\/\/millerbeslag.test.consids5.se\/no\/","og_locale":"nb_NO","og_type":"article","og_title":"Startside - Beslag sedan 1903","og_description":"[vc_row full_width=&#8221;stretch_row_content_no_spaces&#8221;][vc_column][vc_row_inner disable_element=&#8221;yes&#8221;][vc_column_inner][\/vc_column_inner][\/vc_row_inner][\/vc_column][\/vc_row]","og_url":"https:\/\/millerbeslag.test.consids5.se\/no\/","og_site_name":"Beslag sedan 1903","article_publisher":"https:\/\/www.facebook.com\/limittools\/","article_modified_time":"2020-10-27T07:40:17+00:00","twitter_card":"summary_large_image","twitter_misc":{"Est. reading time":"2 minutes"},"schema":{"@context":"https:\/\/schema.org","@graph":[{"@type":"WebPage","@id":"https:\/\/millerbeslag.test.consids5.se\/no\/","url":"https:\/\/millerbeslag.test.consids5.se\/no\/","name":"Startside - Beslag sedan 1903","isPartOf":{"@id":"https:\/\/millerbeslag.test.consids5.se\/#website"},"datePublished":"2018-12-10T12:26:19+00:00","dateModified":"2020-10-27T07:40:17+00:00","inLanguage":"nb-NO","potentialAction":[{"@type":"ReadAction","target":["https:\/\/millerbeslag.test.consids5.se\/no\/"]}]},{"@type":"WebSite","@id":"https:\/\/millerbeslag.test.consids5.se\/#website","url":"https:\/\/millerbeslag.test.consids5.se\/","name":"Beslag sedan 1903","description":"Beslag inom allt","potentialAction":[{"@type":"SearchAction","target":{"@type":"EntryPoint","urlTemplate":"https:\/\/millerbeslag.test.consids5.se\/?s={search_term_string}"},"query-input":{"@type":"PropertyValueSpecification","valueRequired":true,"valueName":"search_term_string"}}],"inLanguage":"nb-NO"}]}},"_links":{"self":[{"href":"https:\/\/millerbeslag.test.consids5.se\/no\/wp-json\/wp\/v2\/pages\/4022"}],"collection":[{"href":"https:\/\/millerbeslag.test.consids5.se\/no\/wp-json\/wp\/v2\/pages"}],"about":[{"href":"https:\/\/millerbeslag.test.consids5.se\/no\/wp-json\/wp\/v2\/types\/page"}],"author":[{"embeddable":true,"href":"https:\/\/millerbeslag.test.consids5.se\/no\/wp-json\/wp\/v2\/users\/1"}],"replies":[{"embeddable":true,"href":"https:\/\/millerbeslag.test.consids5.se\/no\/wp-json\/wp\/v2\/comments?post=4022"}],"version-history":[{"count":10,"href":"https:\/\/millerbeslag.test.consids5.se\/no\/wp-json\/wp\/v2\/pages\/4022\/revisions"}],"predecessor-version":[{"id":4867,"href":"https:\/\/millerbeslag.test.consids5.se\/no\/wp-json\/wp\/v2\/pages\/4022\/revisions\/4867"}],"wp:attachment":[{"href":"https:\/\/millerbeslag.test.consids5.se\/no\/wp-json\/wp\/v2\/media?parent=4022"}],"curies":[{"name":"wp","href":"https:\/\/api.w.org\/{rel}","templated":true}]}}