{"id":11890,"date":"2025-07-18T00:17:23","date_gmt":"2025-07-18T00:17:23","guid":{"rendered":"https:\/\/millerbeslag.test.consids5.se\/product\/laskasse-7565-ytterdor\/"},"modified":"2025-07-18T00:17:23","modified_gmt":"2025-07-18T00:17:23","slug":"laskasse-7565-ytterdor","status":"publish","type":"product","link":"https:\/\/millerbeslag.test.consids5.se\/no\/product\/laskasse-7565-ytterdor\/","title":{"rendered":"L\u00c5SKASSE 7565 YTTERD\u00d8R"},"content":{"rendered":"<p>Fallreilel\u00e5s med symmetrisk mattforkrommet stolpe. N\u00f8kkel eller vrider l\u00e5ser ut og inn reile. D\u00f8rvrider drar inn trykkfalle. N\u00f8kkelvridning 90\u00b0. Vendbar stolpe for h\u00f8yre og venstre. Fallestempel og reilestempel av herdet st\u00e5l. Brukes sammen med l\u00e5ssylinder og sylinderbeh\u00f8r samt sluttstykke. M\u00e5l stolpe: 22 mm x 225 mm. Dordybde: 50 mm.<\/p>\n","protected":false},"excerpt":{"rendered":"Fallreilel\u00e5s med symmetrisk mattforkrommet stolpe. N\u00f8kkel eller vrider l\u00e5ser ut og inn reile. D\u00f8rvrider drar inn trykkfalle. N\u00f8kkelvridning 90\u00b0. Vendbar [&hellip;]","protected":false},"featured_media":0,"comment_status":"closed","ping_status":"closed","template":"","meta":{"_acf_changed":false},"product_cat":[11705,11712],"product_tag":[],"class_list":{"0":"post-11890","1":"product","2":"type-product","3":"status-publish","5":"product_cat-las-no","6":"product_cat-laskasser-no","8":"first","9":"instock","10":"shipping-taxable","11":"product-type-simple"},"acf":[],"yoast_head":"<!-- This site is optimized with the Yoast SEO plugin v23.4 - https:\/\/yoast.com\/wordpress\/plugins\/seo\/ -->\n<title>L\u00c5SKASSE 7565 YTTERD\u00d8R - Beslag sedan 1903<\/title>\n<meta name=\"robots\" content=\"index, follow, max-snippet:-1, max-image-preview:large, max-video-preview:-1\" \/>\n<link rel=\"canonical\" href=\"https:\/\/millerbeslag.test.consids5.se\/no\/product\/laskasse-7565-ytterdor\/\" \/>\n<meta property=\"og:locale\" content=\"nb_NO\" \/>\n<meta property=\"og:type\" content=\"article\" \/>\n<meta property=\"og:title\" content=\"L\u00c5SKASSE 7565 YTTERD\u00d8R - Beslag sedan 1903\" \/>\n<meta property=\"og:description\" content=\"Fallreilel\u00e5s med symmetrisk mattforkrommet stolpe. N\u00f8kkel eller vrider l\u00e5ser ut og inn reile. D\u00f8rvrider drar inn trykkfalle. N\u00f8kkelvridning 90\u00b0. Vendbar [&hellip;]\" \/>\n<meta property=\"og:url\" content=\"https:\/\/millerbeslag.test.consids5.se\/no\/product\/laskasse-7565-ytterdor\/\" \/>\n<meta property=\"og:site_name\" content=\"Beslag sedan 1903\" \/>\n<meta property=\"article:publisher\" content=\"https:\/\/www.facebook.com\/limittools\/\" \/>\n<meta name=\"twitter:card\" content=\"summary_large_image\" \/>\n<script type=\"application\/ld+json\" class=\"yoast-schema-graph\">{\"@context\":\"https:\/\/schema.org\",\"@graph\":[{\"@type\":\"WebPage\",\"@id\":\"https:\/\/millerbeslag.test.consids5.se\/no\/product\/laskasse-7565-ytterdor\/\",\"url\":\"https:\/\/millerbeslag.test.consids5.se\/no\/product\/laskasse-7565-ytterdor\/\",\"name\":\"L\u00c5SKASSE 7565 YTTERD\u00d8R - Beslag sedan 1903\",\"isPartOf\":{\"@id\":\"https:\/\/millerbeslag.test.consids5.se\/#website\"},\"datePublished\":\"2025-07-18T00:17:23+00:00\",\"dateModified\":\"2025-07-18T00:17:23+00:00\",\"breadcrumb\":{\"@id\":\"https:\/\/millerbeslag.test.consids5.se\/no\/product\/laskasse-7565-ytterdor\/#breadcrumb\"},\"inLanguage\":\"nb-NO\",\"potentialAction\":[{\"@type\":\"ReadAction\",\"target\":[\"https:\/\/millerbeslag.test.consids5.se\/no\/product\/laskasse-7565-ytterdor\/\"]}]},{\"@type\":\"BreadcrumbList\",\"@id\":\"https:\/\/millerbeslag.test.consids5.se\/no\/product\/laskasse-7565-ytterdor\/#breadcrumb\",\"itemListElement\":[{\"@type\":\"ListItem\",\"position\":1,\"name\":\"Products\",\"item\":\"https:\/\/millerbeslag.test.consids5.se\/products\/\"},{\"@type\":\"ListItem\",\"position\":2,\"name\":\"L\u00c5SKASSE 7565 YTTERD\u00d8R\"}]},{\"@type\":\"WebSite\",\"@id\":\"https:\/\/millerbeslag.test.consids5.se\/#website\",\"url\":\"https:\/\/millerbeslag.test.consids5.se\/\",\"name\":\"Beslag sedan 1903\",\"description\":\"Beslag inom allt\",\"potentialAction\":[{\"@type\":\"SearchAction\",\"target\":{\"@type\":\"EntryPoint\",\"urlTemplate\":\"https:\/\/millerbeslag.test.consids5.se\/?s={search_term_string}\"},\"query-input\":{\"@type\":\"PropertyValueSpecification\",\"valueRequired\":true,\"valueName\":\"search_term_string\"}}],\"inLanguage\":\"nb-NO\"}]}<\/script>\n<!-- \/ Yoast SEO plugin. -->","yoast_head_json":{"title":"L\u00c5SKASSE 7565 YTTERD\u00d8R - Beslag sedan 1903","robots":{"index":"index","follow":"follow","max-snippet":"max-snippet:-1","max-image-preview":"max-image-preview:large","max-video-preview":"max-video-preview:-1"},"canonical":"https:\/\/millerbeslag.test.consids5.se\/no\/product\/laskasse-7565-ytterdor\/","og_locale":"nb_NO","og_type":"article","og_title":"L\u00c5SKASSE 7565 YTTERD\u00d8R - Beslag sedan 1903","og_description":"Fallreilel\u00e5s med symmetrisk mattforkrommet stolpe. N\u00f8kkel eller vrider l\u00e5ser ut og inn reile. D\u00f8rvrider drar inn trykkfalle. N\u00f8kkelvridning 90\u00b0. Vendbar [&hellip;]","og_url":"https:\/\/millerbeslag.test.consids5.se\/no\/product\/laskasse-7565-ytterdor\/","og_site_name":"Beslag sedan 1903","article_publisher":"https:\/\/www.facebook.com\/limittools\/","twitter_card":"summary_large_image","schema":{"@context":"https:\/\/schema.org","@graph":[{"@type":"WebPage","@id":"https:\/\/millerbeslag.test.consids5.se\/no\/product\/laskasse-7565-ytterdor\/","url":"https:\/\/millerbeslag.test.consids5.se\/no\/product\/laskasse-7565-ytterdor\/","name":"L\u00c5SKASSE 7565 YTTERD\u00d8R - Beslag sedan 1903","isPartOf":{"@id":"https:\/\/millerbeslag.test.consids5.se\/#website"},"datePublished":"2025-07-18T00:17:23+00:00","dateModified":"2025-07-18T00:17:23+00:00","breadcrumb":{"@id":"https:\/\/millerbeslag.test.consids5.se\/no\/product\/laskasse-7565-ytterdor\/#breadcrumb"},"inLanguage":"nb-NO","potentialAction":[{"@type":"ReadAction","target":["https:\/\/millerbeslag.test.consids5.se\/no\/product\/laskasse-7565-ytterdor\/"]}]},{"@type":"BreadcrumbList","@id":"https:\/\/millerbeslag.test.consids5.se\/no\/product\/laskasse-7565-ytterdor\/#breadcrumb","itemListElement":[{"@type":"ListItem","position":1,"name":"Products","item":"https:\/\/millerbeslag.test.consids5.se\/products\/"},{"@type":"ListItem","position":2,"name":"L\u00c5SKASSE 7565 YTTERD\u00d8R"}]},{"@type":"WebSite","@id":"https:\/\/millerbeslag.test.consids5.se\/#website","url":"https:\/\/millerbeslag.test.consids5.se\/","name":"Beslag sedan 1903","description":"Beslag inom allt","potentialAction":[{"@type":"SearchAction","target":{"@type":"EntryPoint","urlTemplate":"https:\/\/millerbeslag.test.consids5.se\/?s={search_term_string}"},"query-input":{"@type":"PropertyValueSpecification","valueRequired":true,"valueName":"search_term_string"}}],"inLanguage":"nb-NO"}]}},"_links":{"self":[{"href":"https:\/\/millerbeslag.test.consids5.se\/no\/wp-json\/wp\/v2\/product\/11890"}],"collection":[{"href":"https:\/\/millerbeslag.test.consids5.se\/no\/wp-json\/wp\/v2\/product"}],"about":[{"href":"https:\/\/millerbeslag.test.consids5.se\/no\/wp-json\/wp\/v2\/types\/product"}],"replies":[{"embeddable":true,"href":"https:\/\/millerbeslag.test.consids5.se\/no\/wp-json\/wp\/v2\/comments?post=11890"}],"wp:attachment":[{"href":"https:\/\/millerbeslag.test.consids5.se\/no\/wp-json\/wp\/v2\/media?parent=11890"}],"wp:term":[{"taxonomy":"product_cat","embeddable":true,"href":"https:\/\/millerbeslag.test.consids5.se\/no\/wp-json\/wp\/v2\/product_cat?post=11890"},{"taxonomy":"product_tag","embeddable":true,"href":"https:\/\/millerbeslag.test.consids5.se\/no\/wp-json\/wp\/v2\/product_tag?post=11890"}],"curies":[{"name":"wp","href":"https:\/\/api.w.org\/{rel}","templated":true}]}}