{"id":12153,"date":"2025-05-05T00:03:56","date_gmt":"2025-05-05T00:03:56","guid":{"rendered":"https:\/\/millerbeslag.test.consids5.se\/product\/innbruddsvern-rf-280mm\/"},"modified":"2025-05-05T00:03:56","modified_gmt":"2025-05-05T00:03:56","slug":"innbruddsvern-rf-280mm","status":"publish","type":"product","link":"https:\/\/millerbeslag.test.consids5.se\/no\/product\/innbruddsvern-rf-280mm\/","title":{"rendered":"INNBRUDDSVERN RF 280MM"},"content":{"rendered":"<p>Innbruddsvern av rustfritt st\u00e5l i T-profil. Monteres p\u00e5 d\u00f8rens utside p\u00e5 d\u00f8rbladet mellom d\u00f8r og karm for \u00e5 motvirke fors\u00f8k p\u00e5 innbrudd ved d\u00f8rl\u00e5sen.<\/p>\n","protected":false},"excerpt":{"rendered":"Innbruddsvern av rustfritt st\u00e5l i T-profil. Monteres p\u00e5 d\u00f8rens utside p\u00e5 d\u00f8rbladet mellom d\u00f8r og karm for \u00e5 motvirke fors\u00f8k [&hellip;]","protected":false},"featured_media":0,"comment_status":"closed","ping_status":"closed","template":"","meta":{"_acf_changed":false},"product_cat":[11705,11733],"product_tag":[],"class_list":{"0":"post-12153","1":"product","2":"type-product","3":"status-publish","5":"product_cat-las-no","6":"product_cat-sluttblekk-innbruddsvern-no","8":"first","9":"instock","10":"shipping-taxable","11":"product-type-simple"},"acf":[],"yoast_head":"<!-- This site is optimized with the Yoast SEO plugin v23.4 - https:\/\/yoast.com\/wordpress\/plugins\/seo\/ -->\n<title>INNBRUDDSVERN RF 280MM - Beslag sedan 1903<\/title>\n<meta name=\"robots\" content=\"index, follow, max-snippet:-1, max-image-preview:large, max-video-preview:-1\" \/>\n<link rel=\"canonical\" href=\"https:\/\/millerbeslag.test.consids5.se\/no\/product\/innbruddsvern-rf-280mm\/\" \/>\n<meta property=\"og:locale\" content=\"nb_NO\" \/>\n<meta property=\"og:type\" content=\"article\" \/>\n<meta property=\"og:title\" content=\"INNBRUDDSVERN RF 280MM - Beslag sedan 1903\" \/>\n<meta property=\"og:description\" content=\"Innbruddsvern av rustfritt st\u00e5l i T-profil. Monteres p\u00e5 d\u00f8rens utside p\u00e5 d\u00f8rbladet mellom d\u00f8r og karm for \u00e5 motvirke fors\u00f8k [&hellip;]\" \/>\n<meta property=\"og:url\" content=\"https:\/\/millerbeslag.test.consids5.se\/no\/product\/innbruddsvern-rf-280mm\/\" \/>\n<meta property=\"og:site_name\" content=\"Beslag sedan 1903\" \/>\n<meta property=\"article:publisher\" content=\"https:\/\/www.facebook.com\/limittools\/\" \/>\n<meta name=\"twitter:card\" content=\"summary_large_image\" \/>\n<script type=\"application\/ld+json\" class=\"yoast-schema-graph\">{\"@context\":\"https:\/\/schema.org\",\"@graph\":[{\"@type\":\"WebPage\",\"@id\":\"https:\/\/millerbeslag.test.consids5.se\/no\/product\/innbruddsvern-rf-280mm\/\",\"url\":\"https:\/\/millerbeslag.test.consids5.se\/no\/product\/innbruddsvern-rf-280mm\/\",\"name\":\"INNBRUDDSVERN RF 280MM - Beslag sedan 1903\",\"isPartOf\":{\"@id\":\"https:\/\/millerbeslag.test.consids5.se\/#website\"},\"datePublished\":\"2025-05-05T00:03:56+00:00\",\"dateModified\":\"2025-05-05T00:03:56+00:00\",\"breadcrumb\":{\"@id\":\"https:\/\/millerbeslag.test.consids5.se\/no\/product\/innbruddsvern-rf-280mm\/#breadcrumb\"},\"inLanguage\":\"nb-NO\",\"potentialAction\":[{\"@type\":\"ReadAction\",\"target\":[\"https:\/\/millerbeslag.test.consids5.se\/no\/product\/innbruddsvern-rf-280mm\/\"]}]},{\"@type\":\"BreadcrumbList\",\"@id\":\"https:\/\/millerbeslag.test.consids5.se\/no\/product\/innbruddsvern-rf-280mm\/#breadcrumb\",\"itemListElement\":[{\"@type\":\"ListItem\",\"position\":1,\"name\":\"Products\",\"item\":\"https:\/\/millerbeslag.test.consids5.se\/products\/\"},{\"@type\":\"ListItem\",\"position\":2,\"name\":\"INNBRUDDSVERN RF 280MM\"}]},{\"@type\":\"WebSite\",\"@id\":\"https:\/\/millerbeslag.test.consids5.se\/#website\",\"url\":\"https:\/\/millerbeslag.test.consids5.se\/\",\"name\":\"Beslag sedan 1903\",\"description\":\"Beslag inom allt\",\"potentialAction\":[{\"@type\":\"SearchAction\",\"target\":{\"@type\":\"EntryPoint\",\"urlTemplate\":\"https:\/\/millerbeslag.test.consids5.se\/?s={search_term_string}\"},\"query-input\":{\"@type\":\"PropertyValueSpecification\",\"valueRequired\":true,\"valueName\":\"search_term_string\"}}],\"inLanguage\":\"nb-NO\"}]}<\/script>\n<!-- \/ Yoast SEO plugin. -->","yoast_head_json":{"title":"INNBRUDDSVERN RF 280MM - Beslag sedan 1903","robots":{"index":"index","follow":"follow","max-snippet":"max-snippet:-1","max-image-preview":"max-image-preview:large","max-video-preview":"max-video-preview:-1"},"canonical":"https:\/\/millerbeslag.test.consids5.se\/no\/product\/innbruddsvern-rf-280mm\/","og_locale":"nb_NO","og_type":"article","og_title":"INNBRUDDSVERN RF 280MM - Beslag sedan 1903","og_description":"Innbruddsvern av rustfritt st\u00e5l i T-profil. Monteres p\u00e5 d\u00f8rens utside p\u00e5 d\u00f8rbladet mellom d\u00f8r og karm for \u00e5 motvirke fors\u00f8k [&hellip;]","og_url":"https:\/\/millerbeslag.test.consids5.se\/no\/product\/innbruddsvern-rf-280mm\/","og_site_name":"Beslag sedan 1903","article_publisher":"https:\/\/www.facebook.com\/limittools\/","twitter_card":"summary_large_image","schema":{"@context":"https:\/\/schema.org","@graph":[{"@type":"WebPage","@id":"https:\/\/millerbeslag.test.consids5.se\/no\/product\/innbruddsvern-rf-280mm\/","url":"https:\/\/millerbeslag.test.consids5.se\/no\/product\/innbruddsvern-rf-280mm\/","name":"INNBRUDDSVERN RF 280MM - Beslag sedan 1903","isPartOf":{"@id":"https:\/\/millerbeslag.test.consids5.se\/#website"},"datePublished":"2025-05-05T00:03:56+00:00","dateModified":"2025-05-05T00:03:56+00:00","breadcrumb":{"@id":"https:\/\/millerbeslag.test.consids5.se\/no\/product\/innbruddsvern-rf-280mm\/#breadcrumb"},"inLanguage":"nb-NO","potentialAction":[{"@type":"ReadAction","target":["https:\/\/millerbeslag.test.consids5.se\/no\/product\/innbruddsvern-rf-280mm\/"]}]},{"@type":"BreadcrumbList","@id":"https:\/\/millerbeslag.test.consids5.se\/no\/product\/innbruddsvern-rf-280mm\/#breadcrumb","itemListElement":[{"@type":"ListItem","position":1,"name":"Products","item":"https:\/\/millerbeslag.test.consids5.se\/products\/"},{"@type":"ListItem","position":2,"name":"INNBRUDDSVERN RF 280MM"}]},{"@type":"WebSite","@id":"https:\/\/millerbeslag.test.consids5.se\/#website","url":"https:\/\/millerbeslag.test.consids5.se\/","name":"Beslag sedan 1903","description":"Beslag inom allt","potentialAction":[{"@type":"SearchAction","target":{"@type":"EntryPoint","urlTemplate":"https:\/\/millerbeslag.test.consids5.se\/?s={search_term_string}"},"query-input":{"@type":"PropertyValueSpecification","valueRequired":true,"valueName":"search_term_string"}}],"inLanguage":"nb-NO"}]}},"_links":{"self":[{"href":"https:\/\/millerbeslag.test.consids5.se\/no\/wp-json\/wp\/v2\/product\/12153"}],"collection":[{"href":"https:\/\/millerbeslag.test.consids5.se\/no\/wp-json\/wp\/v2\/product"}],"about":[{"href":"https:\/\/millerbeslag.test.consids5.se\/no\/wp-json\/wp\/v2\/types\/product"}],"replies":[{"embeddable":true,"href":"https:\/\/millerbeslag.test.consids5.se\/no\/wp-json\/wp\/v2\/comments?post=12153"}],"wp:attachment":[{"href":"https:\/\/millerbeslag.test.consids5.se\/no\/wp-json\/wp\/v2\/media?parent=12153"}],"wp:term":[{"taxonomy":"product_cat","embeddable":true,"href":"https:\/\/millerbeslag.test.consids5.se\/no\/wp-json\/wp\/v2\/product_cat?post=12153"},{"taxonomy":"product_tag","embeddable":true,"href":"https:\/\/millerbeslag.test.consids5.se\/no\/wp-json\/wp\/v2\/product_tag?post=12153"}],"curies":[{"name":"wp","href":"https:\/\/api.w.org\/{rel}","templated":true}]}}