{"id":12192,"date":"2025-05-05T00:04:16","date_gmt":"2025-05-05T00:04:16","guid":{"rendered":"https:\/\/millerbeslag.test.consids5.se\/product\/kontorstolhjul-50mm\/"},"modified":"2025-05-05T00:04:16","modified_gmt":"2025-05-05T00:04:16","slug":"kontorstolhjul-50mm","status":"publish","type":"product","link":"https:\/\/millerbeslag.test.consids5.se\/no\/product\/kontorstolhjul-50mm\/","title":{"rendered":"KONTORSTOLHJUL 50MM"},"content":{"rendered":"<p>Et komplett sett med 5 stk dobbelhjul inkl. tapp for kontorstoler.<br \/>\nHjulene er intervallbremsede som inneb\u00e6rer at de ruller tregere n\u00e5r belastningen p\u00e5 dem avtar.<br \/>\nHjulenes rullebane er av puretan.<br \/>\nStandardtapp gj\u00f8r at de passer de fleste kontorstoler p\u00e5 markedet.<\/p>\n","protected":false},"excerpt":{"rendered":"Et komplett sett med 5 stk dobbelhjul inkl. tapp for kontorstoler. Hjulene er intervallbremsede som inneb\u00e6rer at de ruller tregere [&hellip;]","protected":false},"featured_media":0,"comment_status":"closed","ping_status":"closed","template":"","meta":{"_acf_changed":false},"product_cat":[11726,11725],"product_tag":[],"class_list":{"0":"post-12192","1":"product","2":"type-product","3":"status-publish","5":"product_cat-containerhjul-transporthjul-no","6":"product_cat-interior-no","8":"first","9":"instock","10":"shipping-taxable","11":"product-type-simple"},"acf":[],"yoast_head":"<!-- This site is optimized with the Yoast SEO plugin v23.4 - https:\/\/yoast.com\/wordpress\/plugins\/seo\/ -->\n<title>KONTORSTOLHJUL 50MM - Beslag sedan 1903<\/title>\n<meta name=\"robots\" content=\"index, follow, max-snippet:-1, max-image-preview:large, max-video-preview:-1\" \/>\n<link rel=\"canonical\" href=\"https:\/\/millerbeslag.test.consids5.se\/no\/product\/kontorstolhjul-50mm\/\" \/>\n<meta property=\"og:locale\" content=\"nb_NO\" \/>\n<meta property=\"og:type\" content=\"article\" \/>\n<meta property=\"og:title\" content=\"KONTORSTOLHJUL 50MM - Beslag sedan 1903\" \/>\n<meta property=\"og:description\" content=\"Et komplett sett med 5 stk dobbelhjul inkl. tapp for kontorstoler. Hjulene er intervallbremsede som inneb\u00e6rer at de ruller tregere [&hellip;]\" \/>\n<meta property=\"og:url\" content=\"https:\/\/millerbeslag.test.consids5.se\/no\/product\/kontorstolhjul-50mm\/\" \/>\n<meta property=\"og:site_name\" content=\"Beslag sedan 1903\" \/>\n<meta property=\"article:publisher\" content=\"https:\/\/www.facebook.com\/limittools\/\" \/>\n<meta name=\"twitter:card\" content=\"summary_large_image\" \/>\n<script type=\"application\/ld+json\" class=\"yoast-schema-graph\">{\"@context\":\"https:\/\/schema.org\",\"@graph\":[{\"@type\":\"WebPage\",\"@id\":\"https:\/\/millerbeslag.test.consids5.se\/no\/product\/kontorstolhjul-50mm\/\",\"url\":\"https:\/\/millerbeslag.test.consids5.se\/no\/product\/kontorstolhjul-50mm\/\",\"name\":\"KONTORSTOLHJUL 50MM - Beslag sedan 1903\",\"isPartOf\":{\"@id\":\"https:\/\/millerbeslag.test.consids5.se\/#website\"},\"datePublished\":\"2025-05-05T00:04:16+00:00\",\"dateModified\":\"2025-05-05T00:04:16+00:00\",\"breadcrumb\":{\"@id\":\"https:\/\/millerbeslag.test.consids5.se\/no\/product\/kontorstolhjul-50mm\/#breadcrumb\"},\"inLanguage\":\"nb-NO\",\"potentialAction\":[{\"@type\":\"ReadAction\",\"target\":[\"https:\/\/millerbeslag.test.consids5.se\/no\/product\/kontorstolhjul-50mm\/\"]}]},{\"@type\":\"BreadcrumbList\",\"@id\":\"https:\/\/millerbeslag.test.consids5.se\/no\/product\/kontorstolhjul-50mm\/#breadcrumb\",\"itemListElement\":[{\"@type\":\"ListItem\",\"position\":1,\"name\":\"Products\",\"item\":\"https:\/\/millerbeslag.test.consids5.se\/products\/\"},{\"@type\":\"ListItem\",\"position\":2,\"name\":\"KONTORSTOLHJUL 50MM\"}]},{\"@type\":\"WebSite\",\"@id\":\"https:\/\/millerbeslag.test.consids5.se\/#website\",\"url\":\"https:\/\/millerbeslag.test.consids5.se\/\",\"name\":\"Beslag sedan 1903\",\"description\":\"Beslag inom allt\",\"potentialAction\":[{\"@type\":\"SearchAction\",\"target\":{\"@type\":\"EntryPoint\",\"urlTemplate\":\"https:\/\/millerbeslag.test.consids5.se\/?s={search_term_string}\"},\"query-input\":{\"@type\":\"PropertyValueSpecification\",\"valueRequired\":true,\"valueName\":\"search_term_string\"}}],\"inLanguage\":\"nb-NO\"}]}<\/script>\n<!-- \/ Yoast SEO plugin. -->","yoast_head_json":{"title":"KONTORSTOLHJUL 50MM - Beslag sedan 1903","robots":{"index":"index","follow":"follow","max-snippet":"max-snippet:-1","max-image-preview":"max-image-preview:large","max-video-preview":"max-video-preview:-1"},"canonical":"https:\/\/millerbeslag.test.consids5.se\/no\/product\/kontorstolhjul-50mm\/","og_locale":"nb_NO","og_type":"article","og_title":"KONTORSTOLHJUL 50MM - Beslag sedan 1903","og_description":"Et komplett sett med 5 stk dobbelhjul inkl. tapp for kontorstoler. Hjulene er intervallbremsede som inneb\u00e6rer at de ruller tregere [&hellip;]","og_url":"https:\/\/millerbeslag.test.consids5.se\/no\/product\/kontorstolhjul-50mm\/","og_site_name":"Beslag sedan 1903","article_publisher":"https:\/\/www.facebook.com\/limittools\/","twitter_card":"summary_large_image","schema":{"@context":"https:\/\/schema.org","@graph":[{"@type":"WebPage","@id":"https:\/\/millerbeslag.test.consids5.se\/no\/product\/kontorstolhjul-50mm\/","url":"https:\/\/millerbeslag.test.consids5.se\/no\/product\/kontorstolhjul-50mm\/","name":"KONTORSTOLHJUL 50MM - Beslag sedan 1903","isPartOf":{"@id":"https:\/\/millerbeslag.test.consids5.se\/#website"},"datePublished":"2025-05-05T00:04:16+00:00","dateModified":"2025-05-05T00:04:16+00:00","breadcrumb":{"@id":"https:\/\/millerbeslag.test.consids5.se\/no\/product\/kontorstolhjul-50mm\/#breadcrumb"},"inLanguage":"nb-NO","potentialAction":[{"@type":"ReadAction","target":["https:\/\/millerbeslag.test.consids5.se\/no\/product\/kontorstolhjul-50mm\/"]}]},{"@type":"BreadcrumbList","@id":"https:\/\/millerbeslag.test.consids5.se\/no\/product\/kontorstolhjul-50mm\/#breadcrumb","itemListElement":[{"@type":"ListItem","position":1,"name":"Products","item":"https:\/\/millerbeslag.test.consids5.se\/products\/"},{"@type":"ListItem","position":2,"name":"KONTORSTOLHJUL 50MM"}]},{"@type":"WebSite","@id":"https:\/\/millerbeslag.test.consids5.se\/#website","url":"https:\/\/millerbeslag.test.consids5.se\/","name":"Beslag sedan 1903","description":"Beslag inom allt","potentialAction":[{"@type":"SearchAction","target":{"@type":"EntryPoint","urlTemplate":"https:\/\/millerbeslag.test.consids5.se\/?s={search_term_string}"},"query-input":{"@type":"PropertyValueSpecification","valueRequired":true,"valueName":"search_term_string"}}],"inLanguage":"nb-NO"}]}},"_links":{"self":[{"href":"https:\/\/millerbeslag.test.consids5.se\/no\/wp-json\/wp\/v2\/product\/12192"}],"collection":[{"href":"https:\/\/millerbeslag.test.consids5.se\/no\/wp-json\/wp\/v2\/product"}],"about":[{"href":"https:\/\/millerbeslag.test.consids5.se\/no\/wp-json\/wp\/v2\/types\/product"}],"replies":[{"embeddable":true,"href":"https:\/\/millerbeslag.test.consids5.se\/no\/wp-json\/wp\/v2\/comments?post=12192"}],"wp:attachment":[{"href":"https:\/\/millerbeslag.test.consids5.se\/no\/wp-json\/wp\/v2\/media?parent=12192"}],"wp:term":[{"taxonomy":"product_cat","embeddable":true,"href":"https:\/\/millerbeslag.test.consids5.se\/no\/wp-json\/wp\/v2\/product_cat?post=12192"},{"taxonomy":"product_tag","embeddable":true,"href":"https:\/\/millerbeslag.test.consids5.se\/no\/wp-json\/wp\/v2\/product_tag?post=12192"}],"curies":[{"name":"wp","href":"https:\/\/api.w.org\/{rel}","templated":true}]}}