{"id":13052,"date":"2025-05-05T00:11:21","date_gmt":"2025-05-05T00:11:21","guid":{"rendered":"https:\/\/millerbeslag.test.consids5.se\/product\/badekarshandtak-3407-300mm-rf\/"},"modified":"2025-05-05T00:11:21","modified_gmt":"2025-05-05T00:11:21","slug":"badekarshandtak-3407-300mm-rf","status":"publish","type":"product","link":"https:\/\/millerbeslag.test.consids5.se\/no\/product\/badekarshandtak-3407-300mm-rf\/","title":{"rendered":"BADEKARSH\u00c5NDTAK 3407 300MM RF"},"content":{"rendered":"<p>Stilrent badekarsh\u00e5ndtak for bruk for st\u00f8tte ved inn- og utstigning i f.eks. badekar\/dusj.<\/p>\n","protected":false},"excerpt":{"rendered":"Stilrent badekarsh\u00e5ndtak for bruk for st\u00f8tte ved inn- og utstigning i f.eks. badekar\/dusj.","protected":false},"featured_media":0,"comment_status":"open","ping_status":"closed","template":"","meta":{"_acf_changed":false},"product_cat":[11736,11725],"product_tag":[],"class_list":{"0":"post-13052","1":"product","2":"type-product","3":"status-publish","5":"product_cat-bad-no","6":"product_cat-interior-no","8":"first","9":"instock","10":"shipping-taxable","11":"product-type-simple"},"acf":[],"yoast_head":"<!-- This site is optimized with the Yoast SEO plugin v23.4 - https:\/\/yoast.com\/wordpress\/plugins\/seo\/ -->\n<title>BADEKARSH\u00c5NDTAK 3407 300MM RF - Beslag sedan 1903<\/title>\n<meta name=\"robots\" content=\"index, follow, max-snippet:-1, max-image-preview:large, max-video-preview:-1\" \/>\n<link rel=\"canonical\" href=\"https:\/\/millerbeslag.test.consids5.se\/product\/badekarshandtak-3407-300mm-rf\/\" \/>\n<meta property=\"og:locale\" content=\"nb_NO\" \/>\n<meta property=\"og:type\" content=\"article\" \/>\n<meta property=\"og:title\" content=\"BADEKARSH\u00c5NDTAK 3407 300MM RF - Beslag sedan 1903\" \/>\n<meta property=\"og:description\" content=\"Stilrent badekarsh\u00e5ndtak for bruk for st\u00f8tte ved inn- og utstigning i f.eks. badekar\/dusj.\" \/>\n<meta property=\"og:url\" content=\"https:\/\/millerbeslag.test.consids5.se\/product\/badekarshandtak-3407-300mm-rf\/\" \/>\n<meta property=\"og:site_name\" content=\"Beslag sedan 1903\" \/>\n<meta property=\"article:publisher\" content=\"https:\/\/www.facebook.com\/limittools\/\" \/>\n<meta name=\"twitter:card\" content=\"summary_large_image\" \/>\n<script type=\"application\/ld+json\" class=\"yoast-schema-graph\">{\"@context\":\"https:\/\/schema.org\",\"@graph\":[{\"@type\":\"WebPage\",\"@id\":\"https:\/\/millerbeslag.test.consids5.se\/product\/badekarshandtak-3407-300mm-rf\/\",\"url\":\"https:\/\/millerbeslag.test.consids5.se\/product\/badekarshandtak-3407-300mm-rf\/\",\"name\":\"BADEKARSH\u00c5NDTAK 3407 300MM RF - Beslag sedan 1903\",\"isPartOf\":{\"@id\":\"https:\/\/millerbeslag.test.consids5.se\/#website\"},\"datePublished\":\"2025-05-05T00:11:21+00:00\",\"dateModified\":\"2025-05-05T00:11:21+00:00\",\"breadcrumb\":{\"@id\":\"https:\/\/millerbeslag.test.consids5.se\/product\/badekarshandtak-3407-300mm-rf\/#breadcrumb\"},\"inLanguage\":\"nb-NO\",\"potentialAction\":[{\"@type\":\"ReadAction\",\"target\":[\"https:\/\/millerbeslag.test.consids5.se\/product\/badekarshandtak-3407-300mm-rf\/\"]}]},{\"@type\":\"BreadcrumbList\",\"@id\":\"https:\/\/millerbeslag.test.consids5.se\/product\/badekarshandtak-3407-300mm-rf\/#breadcrumb\",\"itemListElement\":[{\"@type\":\"ListItem\",\"position\":1,\"name\":\"Products\",\"item\":\"https:\/\/millerbeslag.test.consids5.se\/products\/\"},{\"@type\":\"ListItem\",\"position\":2,\"name\":\"BADEKARSH\u00c5NDTAK 3407 300MM RF\"}]},{\"@type\":\"WebSite\",\"@id\":\"https:\/\/millerbeslag.test.consids5.se\/#website\",\"url\":\"https:\/\/millerbeslag.test.consids5.se\/\",\"name\":\"Beslag sedan 1903\",\"description\":\"Beslag inom allt\",\"potentialAction\":[{\"@type\":\"SearchAction\",\"target\":{\"@type\":\"EntryPoint\",\"urlTemplate\":\"https:\/\/millerbeslag.test.consids5.se\/?s={search_term_string}\"},\"query-input\":{\"@type\":\"PropertyValueSpecification\",\"valueRequired\":true,\"valueName\":\"search_term_string\"}}],\"inLanguage\":\"nb-NO\"}]}<\/script>\n<!-- \/ Yoast SEO plugin. -->","yoast_head_json":{"title":"BADEKARSH\u00c5NDTAK 3407 300MM RF - Beslag sedan 1903","robots":{"index":"index","follow":"follow","max-snippet":"max-snippet:-1","max-image-preview":"max-image-preview:large","max-video-preview":"max-video-preview:-1"},"canonical":"https:\/\/millerbeslag.test.consids5.se\/product\/badekarshandtak-3407-300mm-rf\/","og_locale":"nb_NO","og_type":"article","og_title":"BADEKARSH\u00c5NDTAK 3407 300MM RF - Beslag sedan 1903","og_description":"Stilrent badekarsh\u00e5ndtak for bruk for st\u00f8tte ved inn- og utstigning i f.eks. badekar\/dusj.","og_url":"https:\/\/millerbeslag.test.consids5.se\/product\/badekarshandtak-3407-300mm-rf\/","og_site_name":"Beslag sedan 1903","article_publisher":"https:\/\/www.facebook.com\/limittools\/","twitter_card":"summary_large_image","schema":{"@context":"https:\/\/schema.org","@graph":[{"@type":"WebPage","@id":"https:\/\/millerbeslag.test.consids5.se\/product\/badekarshandtak-3407-300mm-rf\/","url":"https:\/\/millerbeslag.test.consids5.se\/product\/badekarshandtak-3407-300mm-rf\/","name":"BADEKARSH\u00c5NDTAK 3407 300MM RF - Beslag sedan 1903","isPartOf":{"@id":"https:\/\/millerbeslag.test.consids5.se\/#website"},"datePublished":"2025-05-05T00:11:21+00:00","dateModified":"2025-05-05T00:11:21+00:00","breadcrumb":{"@id":"https:\/\/millerbeslag.test.consids5.se\/product\/badekarshandtak-3407-300mm-rf\/#breadcrumb"},"inLanguage":"nb-NO","potentialAction":[{"@type":"ReadAction","target":["https:\/\/millerbeslag.test.consids5.se\/product\/badekarshandtak-3407-300mm-rf\/"]}]},{"@type":"BreadcrumbList","@id":"https:\/\/millerbeslag.test.consids5.se\/product\/badekarshandtak-3407-300mm-rf\/#breadcrumb","itemListElement":[{"@type":"ListItem","position":1,"name":"Products","item":"https:\/\/millerbeslag.test.consids5.se\/products\/"},{"@type":"ListItem","position":2,"name":"BADEKARSH\u00c5NDTAK 3407 300MM RF"}]},{"@type":"WebSite","@id":"https:\/\/millerbeslag.test.consids5.se\/#website","url":"https:\/\/millerbeslag.test.consids5.se\/","name":"Beslag sedan 1903","description":"Beslag inom allt","potentialAction":[{"@type":"SearchAction","target":{"@type":"EntryPoint","urlTemplate":"https:\/\/millerbeslag.test.consids5.se\/?s={search_term_string}"},"query-input":{"@type":"PropertyValueSpecification","valueRequired":true,"valueName":"search_term_string"}}],"inLanguage":"nb-NO"}]}},"_links":{"self":[{"href":"https:\/\/millerbeslag.test.consids5.se\/no\/wp-json\/wp\/v2\/product\/13052"}],"collection":[{"href":"https:\/\/millerbeslag.test.consids5.se\/no\/wp-json\/wp\/v2\/product"}],"about":[{"href":"https:\/\/millerbeslag.test.consids5.se\/no\/wp-json\/wp\/v2\/types\/product"}],"replies":[{"embeddable":true,"href":"https:\/\/millerbeslag.test.consids5.se\/no\/wp-json\/wp\/v2\/comments?post=13052"}],"wp:attachment":[{"href":"https:\/\/millerbeslag.test.consids5.se\/no\/wp-json\/wp\/v2\/media?parent=13052"}],"wp:term":[{"taxonomy":"product_cat","embeddable":true,"href":"https:\/\/millerbeslag.test.consids5.se\/no\/wp-json\/wp\/v2\/product_cat?post=13052"},{"taxonomy":"product_tag","embeddable":true,"href":"https:\/\/millerbeslag.test.consids5.se\/no\/wp-json\/wp\/v2\/product_tag?post=13052"}],"curies":[{"name":"wp","href":"https:\/\/api.w.org\/{rel}","templated":true}]}}