{"id":14185,"date":"2025-05-05T00:21:27","date_gmt":"2025-05-05T00:21:27","guid":{"rendered":"https:\/\/millerbeslag.test.consids5.se\/product\/sluttblekk-innerdor-brun\/"},"modified":"2025-05-05T00:21:27","modified_gmt":"2025-05-05T00:21:27","slug":"sluttblekk-innerdor-brun","status":"publish","type":"product","link":"https:\/\/millerbeslag.test.consids5.se\/no\/product\/sluttblekk-innerdor-brun\/","title":{"rendered":"SLUTTBLEKK INNERD\u00d8R BRUN"},"content":{"rendered":"<p>Plant sluttblekk for innerd\u00f8rer uten krav p\u00e5 godkjent l\u00e5seenhet.\u00a0Brukes sammen med innerd\u00f8rl\u00e5s. Leveres med skrue.<\/p>\n","protected":false},"excerpt":{"rendered":"Plant sluttblekk for innerd\u00f8rer uten krav p\u00e5 godkjent l\u00e5seenhet.\u00a0Brukes sammen med innerd\u00f8rl\u00e5s. Leveres med skrue.","protected":false},"featured_media":0,"comment_status":"open","ping_status":"closed","template":"","meta":{"_acf_changed":false},"product_cat":[11705,11733],"product_tag":[],"class_list":{"0":"post-14185","1":"product","2":"type-product","3":"status-publish","5":"product_cat-las-no","6":"product_cat-sluttblekk-innbruddsvern-no","8":"first","9":"instock","10":"shipping-taxable","11":"product-type-simple"},"acf":[],"yoast_head":"<!-- This site is optimized with the Yoast SEO plugin v23.4 - https:\/\/yoast.com\/wordpress\/plugins\/seo\/ -->\n<title>SLUTTBLEKK INNERD\u00d8R BRUN - Beslag sedan 1903<\/title>\n<meta name=\"robots\" content=\"index, follow, max-snippet:-1, max-image-preview:large, max-video-preview:-1\" \/>\n<link rel=\"canonical\" href=\"https:\/\/millerbeslag.test.consids5.se\/product\/sluttblekk-innerdor-brun\/\" \/>\n<meta property=\"og:locale\" content=\"nb_NO\" \/>\n<meta property=\"og:type\" content=\"article\" \/>\n<meta property=\"og:title\" content=\"SLUTTBLEKK INNERD\u00d8R BRUN - Beslag sedan 1903\" \/>\n<meta property=\"og:description\" content=\"Plant sluttblekk for innerd\u00f8rer uten krav p\u00e5 godkjent l\u00e5seenhet.\u00a0Brukes sammen med innerd\u00f8rl\u00e5s. Leveres med skrue.\" \/>\n<meta property=\"og:url\" content=\"https:\/\/millerbeslag.test.consids5.se\/product\/sluttblekk-innerdor-brun\/\" \/>\n<meta property=\"og:site_name\" content=\"Beslag sedan 1903\" \/>\n<meta property=\"article:publisher\" content=\"https:\/\/www.facebook.com\/limittools\/\" \/>\n<meta name=\"twitter:card\" content=\"summary_large_image\" \/>\n<script type=\"application\/ld+json\" class=\"yoast-schema-graph\">{\"@context\":\"https:\/\/schema.org\",\"@graph\":[{\"@type\":\"WebPage\",\"@id\":\"https:\/\/millerbeslag.test.consids5.se\/product\/sluttblekk-innerdor-brun\/\",\"url\":\"https:\/\/millerbeslag.test.consids5.se\/product\/sluttblekk-innerdor-brun\/\",\"name\":\"SLUTTBLEKK INNERD\u00d8R BRUN - Beslag sedan 1903\",\"isPartOf\":{\"@id\":\"https:\/\/millerbeslag.test.consids5.se\/#website\"},\"datePublished\":\"2025-05-05T00:21:27+00:00\",\"dateModified\":\"2025-05-05T00:21:27+00:00\",\"breadcrumb\":{\"@id\":\"https:\/\/millerbeslag.test.consids5.se\/product\/sluttblekk-innerdor-brun\/#breadcrumb\"},\"inLanguage\":\"nb-NO\",\"potentialAction\":[{\"@type\":\"ReadAction\",\"target\":[\"https:\/\/millerbeslag.test.consids5.se\/product\/sluttblekk-innerdor-brun\/\"]}]},{\"@type\":\"BreadcrumbList\",\"@id\":\"https:\/\/millerbeslag.test.consids5.se\/product\/sluttblekk-innerdor-brun\/#breadcrumb\",\"itemListElement\":[{\"@type\":\"ListItem\",\"position\":1,\"name\":\"Products\",\"item\":\"https:\/\/millerbeslag.test.consids5.se\/products\/\"},{\"@type\":\"ListItem\",\"position\":2,\"name\":\"SLUTTBLEKK INNERD\u00d8R BRUN\"}]},{\"@type\":\"WebSite\",\"@id\":\"https:\/\/millerbeslag.test.consids5.se\/#website\",\"url\":\"https:\/\/millerbeslag.test.consids5.se\/\",\"name\":\"Beslag sedan 1903\",\"description\":\"Beslag inom allt\",\"potentialAction\":[{\"@type\":\"SearchAction\",\"target\":{\"@type\":\"EntryPoint\",\"urlTemplate\":\"https:\/\/millerbeslag.test.consids5.se\/?s={search_term_string}\"},\"query-input\":{\"@type\":\"PropertyValueSpecification\",\"valueRequired\":true,\"valueName\":\"search_term_string\"}}],\"inLanguage\":\"nb-NO\"}]}<\/script>\n<!-- \/ Yoast SEO plugin. -->","yoast_head_json":{"title":"SLUTTBLEKK INNERD\u00d8R BRUN - Beslag sedan 1903","robots":{"index":"index","follow":"follow","max-snippet":"max-snippet:-1","max-image-preview":"max-image-preview:large","max-video-preview":"max-video-preview:-1"},"canonical":"https:\/\/millerbeslag.test.consids5.se\/product\/sluttblekk-innerdor-brun\/","og_locale":"nb_NO","og_type":"article","og_title":"SLUTTBLEKK INNERD\u00d8R BRUN - Beslag sedan 1903","og_description":"Plant sluttblekk for innerd\u00f8rer uten krav p\u00e5 godkjent l\u00e5seenhet.\u00a0Brukes sammen med innerd\u00f8rl\u00e5s. Leveres med skrue.","og_url":"https:\/\/millerbeslag.test.consids5.se\/product\/sluttblekk-innerdor-brun\/","og_site_name":"Beslag sedan 1903","article_publisher":"https:\/\/www.facebook.com\/limittools\/","twitter_card":"summary_large_image","schema":{"@context":"https:\/\/schema.org","@graph":[{"@type":"WebPage","@id":"https:\/\/millerbeslag.test.consids5.se\/product\/sluttblekk-innerdor-brun\/","url":"https:\/\/millerbeslag.test.consids5.se\/product\/sluttblekk-innerdor-brun\/","name":"SLUTTBLEKK INNERD\u00d8R BRUN - Beslag sedan 1903","isPartOf":{"@id":"https:\/\/millerbeslag.test.consids5.se\/#website"},"datePublished":"2025-05-05T00:21:27+00:00","dateModified":"2025-05-05T00:21:27+00:00","breadcrumb":{"@id":"https:\/\/millerbeslag.test.consids5.se\/product\/sluttblekk-innerdor-brun\/#breadcrumb"},"inLanguage":"nb-NO","potentialAction":[{"@type":"ReadAction","target":["https:\/\/millerbeslag.test.consids5.se\/product\/sluttblekk-innerdor-brun\/"]}]},{"@type":"BreadcrumbList","@id":"https:\/\/millerbeslag.test.consids5.se\/product\/sluttblekk-innerdor-brun\/#breadcrumb","itemListElement":[{"@type":"ListItem","position":1,"name":"Products","item":"https:\/\/millerbeslag.test.consids5.se\/products\/"},{"@type":"ListItem","position":2,"name":"SLUTTBLEKK INNERD\u00d8R BRUN"}]},{"@type":"WebSite","@id":"https:\/\/millerbeslag.test.consids5.se\/#website","url":"https:\/\/millerbeslag.test.consids5.se\/","name":"Beslag sedan 1903","description":"Beslag inom allt","potentialAction":[{"@type":"SearchAction","target":{"@type":"EntryPoint","urlTemplate":"https:\/\/millerbeslag.test.consids5.se\/?s={search_term_string}"},"query-input":{"@type":"PropertyValueSpecification","valueRequired":true,"valueName":"search_term_string"}}],"inLanguage":"nb-NO"}]}},"_links":{"self":[{"href":"https:\/\/millerbeslag.test.consids5.se\/no\/wp-json\/wp\/v2\/product\/14185"}],"collection":[{"href":"https:\/\/millerbeslag.test.consids5.se\/no\/wp-json\/wp\/v2\/product"}],"about":[{"href":"https:\/\/millerbeslag.test.consids5.se\/no\/wp-json\/wp\/v2\/types\/product"}],"replies":[{"embeddable":true,"href":"https:\/\/millerbeslag.test.consids5.se\/no\/wp-json\/wp\/v2\/comments?post=14185"}],"wp:attachment":[{"href":"https:\/\/millerbeslag.test.consids5.se\/no\/wp-json\/wp\/v2\/media?parent=14185"}],"wp:term":[{"taxonomy":"product_cat","embeddable":true,"href":"https:\/\/millerbeslag.test.consids5.se\/no\/wp-json\/wp\/v2\/product_cat?post=14185"},{"taxonomy":"product_tag","embeddable":true,"href":"https:\/\/millerbeslag.test.consids5.se\/no\/wp-json\/wp\/v2\/product_tag?post=14185"}],"curies":[{"name":"wp","href":"https:\/\/api.w.org\/{rel}","templated":true}]}}